{"id":1402,"date":"2022-11-21T17:58:45","date_gmt":"2022-11-21T16:58:45","guid":{"rendered":"https:\/\/desrues-paris.com?page_id=1402"},"modified":"2024-09-06T10:14:13","modified_gmt":"2024-09-06T09:14:13","slug":"test","status":"publish","type":"page","link":"https:\/\/desrues-paris.com\/en\/test\/","title":{"rendered":"Test"},"content":{"rendered":"\n<div class=\"wp-block-group\"><div class=\"wp-block-group__inner-container is-layout-flow wp-block-group-is-layout-flow\">\n<div id=\"bloc-1\" class=\"wp-block-group home-first\"><div class=\"wp-block-group__inner-container is-layout-flow wp-block-group-is-layout-flow\">\n<div id=\"savoir-faire\" class=\"wp-block-group group-img\"><div class=\"wp-block-group__inner-container is-layout-flow wp-block-group-is-layout-flow\">\n<figure class=\"wp-block-embed is-type-video is-provider-vimeo wp-block-embed-vimeo\"><div class=\"wp-block-embed__wrapper\">\n<iframe loading=\"lazy\" title=\"FILM_INSTITUTIONNEL_DESRUES_2024\" src=\"https:\/\/player.vimeo.com\/video\/932382746?dnt=1&amp;app_id=122963\" width=\"1440\" height=\"612\" frameborder=\"0\" allow=\"autoplay; fullscreen; picture-in-picture; clipboard-write; encrypted-media; web-share\"><\/iframe>\n<\/div><\/figure>\n\n\n\n<div class=\"wp-block-group text-hover\"><div class=\"wp-block-group__inner-container is-layout-flow wp-block-group-is-layout-flow\">\n<p><\/p>\n\n\n\n<h2 class=\"wp-block-heading\" id=\"un-savoir-fairevoue-a-l-exception\">Un savoir-faire vou\u00e9 \u00e0 l&#8217;exception<\/h2>\n\n\n\n<div class=\"wp-block-group texte-home\"><div class=\"wp-block-group__inner-container is-layout-constrained wp-block-group-is-layout-constrained\">\n<p>La Maison Desrues a su conserver un savoir-faire vou\u00e9 au cr\u00e9neau de l&#8217;exception, souvenir de sa collaboration privil\u00e9gi\u00e9e avec les grands couturiers fran\u00e7ais de l&#8217;\u00e9poque (Chanel, Lanvin, Vionnet, Dior, Saint-Laurent), et parall\u00e8lement s&#8217;ouvrir aux techniques modernes pour faire face aux exigences de la Haute-Couture et du Pr\u00eat-\u00e0-Porter de luxe.<\/p>\n<\/div><\/div>\n\n\n\n<h3 class=\"wp-block-heading\" id=\"en-savoir-plus\"><a href=\"https:\/\/desrues-paris.com\/category\/savoir-faire\/\">En savoir plus<\/a><\/h3>\n<\/div><\/div>\n<\/div><\/div>\n\n\n\n<div class=\"wp-block-group slide-infos\"><div class=\"wp-block-group__inner-container is-layout-flow wp-block-group-is-layout-flow\">\n<div id=\"CTA-deplier\" class=\"wp-block-group div-arrow\"><div class=\"wp-block-group__inner-container is-layout-flow wp-block-group-is-layout-flow\">\n<p>\u00ab<\/p>\n<\/div><\/div>\n\n\n\n<div id=\"Bloc-info\" class=\"wp-block-group slide-content\"><div class=\"wp-block-group__inner-container is-layout-flow wp-block-group-is-layout-flow\"><div class=\"wp-block-image\">\n<figure class=\"aligncenter size-full\"><img loading=\"lazy\" decoding=\"async\" width=\"512\" height=\"668\" src=\"https:\/\/desrues-paris.com\/wp-content\/uploads\/2021\/12\/03_Desrues_LD-1024x668-1-1.jpg\" alt=\"\" class=\"wp-image-112\" srcset=\"https:\/\/desrues-paris.com\/wp-content\/uploads\/2021\/12\/03_Desrues_LD-1024x668-1-1.jpg 512w, https:\/\/desrues-paris.com\/wp-content\/uploads\/2021\/12\/03_Desrues_LD-1024x668-1-1-230x300.jpg 230w\" sizes=\"auto, (max-width: 512px) 100vw, 512px\" \/><\/figure>\n<\/div>\n\n\n<p><a href=\"https:\/\/villanoailles.com\/festivals\/37e-festival-international-de-mode-de-photographie-et-d-accessoires-de-mode-hyeres\">Festival de Hy\u00e8res 2022<\/a> : Capucine Huguet (ancienne laur\u00e9ate) et Juha Vehmaanpera (finaliste) ont b\u00e9n\u00e9fici\u00e9 du soutien de Desrues dans la fabrication de leurs collections pr\u00e9sent\u00e9es lors du concours.<\/p>\n<\/div><\/div>\n<\/div><\/div>\n<\/div><\/div>\n\n\n\n<div id=\"bloc-2-3-4\" class=\"wp-block-group bloc-2-3-4\"><div class=\"wp-block-group__inner-container is-layout-flow wp-block-group-is-layout-flow\">\n<div id=\"la-maison\" class=\"wp-block-group group-img\"><div class=\"wp-block-group__inner-container is-layout-flow wp-block-group-is-layout-flow\"><div class=\"wp-block-image\">\n<figure class=\"aligncenter size-large\"><img loading=\"lazy\" decoding=\"async\" width=\"428\" height=\"428\" src=\"https:\/\/desrues-paris.com\/wp-content\/uploads\/2022\/11\/bloc_histoire-428x428.jpg\" alt=\"\" class=\"wp-image-1110\" srcset=\"https:\/\/desrues-paris.com\/wp-content\/uploads\/2022\/11\/bloc_histoire-428x428.jpg 428w, https:\/\/desrues-paris.com\/wp-content\/uploads\/2022\/11\/bloc_histoire-214x214.jpg 214w, https:\/\/desrues-paris.com\/wp-content\/uploads\/2022\/11\/bloc_histoire-143x143.jpg 143w, https:\/\/desrues-paris.com\/wp-content\/uploads\/2022\/11\/bloc_histoire.jpg 448w\" sizes=\"auto, (max-width: 428px) 100vw, 428px\" \/><\/figure>\n<\/div>\n\n\n<div class=\"wp-block-group text-hover\"><div class=\"wp-block-group__inner-container is-layout-flow wp-block-group-is-layout-flow\">\n<h2 class=\"wp-block-heading\" id=\"la-maison\">La maison<\/h2>\n\n\n\n<h3 class=\"wp-block-heading\" id=\"en-savoir-plus-1\"><a href=\"https:\/\/desrues-paris.com\/la-maison\/\">En savoir plus<\/a><\/h3>\n<\/div><\/div>\n<\/div><\/div>\n\n\n\n<div id=\"l-humain\" class=\"wp-block-group group-img\"><div class=\"wp-block-group__inner-container is-layout-flow wp-block-group-is-layout-flow\"><div class=\"wp-block-image\">\n<figure class=\"aligncenter size-large\"><img loading=\"lazy\" decoding=\"async\" width=\"428\" height=\"428\" src=\"https:\/\/desrues-paris.com\/wp-content\/uploads\/2022\/11\/bloc_humain-428x428.jpg\" alt=\"\" class=\"wp-image-1112\" srcset=\"https:\/\/desrues-paris.com\/wp-content\/uploads\/2022\/11\/bloc_humain.jpg 428w, https:\/\/desrues-paris.com\/wp-content\/uploads\/2022\/11\/bloc_humain-214x214.jpg 214w, https:\/\/desrues-paris.com\/wp-content\/uploads\/2022\/11\/bloc_humain-143x143.jpg 143w\" sizes=\"auto, (max-width: 428px) 100vw, 428px\" \/><\/figure>\n<\/div>\n\n\n<div class=\"wp-block-group text-hover\"><div class=\"wp-block-group__inner-container is-layout-flow wp-block-group-is-layout-flow\">\n<h2 class=\"wp-block-heading\" id=\"catalogue\">L&#8217;humain au c\u0153ur des savoir-faire<\/h2>\n\n\n\n<h3 class=\"wp-block-heading\" id=\"en-savoir-plus-3\"><a href=\"https:\/\/desrues-paris.com\/category\/humain\/\">En savoir plus<\/a><\/h3>\n<\/div><\/div>\n<\/div><\/div>\n\n\n\n<div id=\"nos-valeurs\" class=\"wp-block-group group-img\"><div class=\"wp-block-group__inner-container is-layout-flow wp-block-group-is-layout-flow\"><div class=\"wp-block-image\">\n<figure class=\"aligncenter size-large\"><img loading=\"lazy\" decoding=\"async\" width=\"428\" height=\"428\" src=\"https:\/\/desrues-paris.com\/wp-content\/uploads\/2022\/11\/bloc_valeurs-428x428.jpg\" alt=\"\" class=\"wp-image-1114\" srcset=\"https:\/\/desrues-paris.com\/wp-content\/uploads\/2022\/11\/bloc_valeurs.jpg 428w, https:\/\/desrues-paris.com\/wp-content\/uploads\/2022\/11\/bloc_valeurs-214x214.jpg 214w, https:\/\/desrues-paris.com\/wp-content\/uploads\/2022\/11\/bloc_valeurs-143x143.jpg 143w\" sizes=\"auto, (max-width: 428px) 100vw, 428px\" \/><\/figure>\n<\/div>\n\n\n<div class=\"wp-block-group text-hover\"><div class=\"wp-block-group__inner-container is-layout-flow wp-block-group-is-layout-flow\">\n<h2 class=\"wp-block-heading\" id=\"nos-valeurs\">Nos valeurs<\/h2>\n\n\n\n<h3 class=\"wp-block-heading\" id=\"en-savoir-plus-2\"><a href=\"https:\/\/desrues-paris.com\/nos-valeurs\/\">En savoir plus<\/a><\/h3>\n<\/div><\/div>\n<\/div><\/div>\n<\/div><\/div>\n<\/div><\/div>\n\n\n\n<p><\/p>\n","protected":false},"excerpt":{"rendered":"<p>Un savoir-faire vou\u00e9 \u00e0 l&#8217;exception La Maison Desrues a su conserver un savoir-faire vou\u00e9 au cr\u00e9neau de l&#8217;exception, souvenir de sa collaboration privil\u00e9gi\u00e9e avec les grands couturiers fran\u00e7ais de l&#8217;\u00e9poque (Chanel, Lanvin, Vionnet, Dior, Saint-Laurent), et parall\u00e8lement s&#8217;ouvrir aux techniques modernes pour faire face aux exigences de la Haute-Couture et du Pr\u00eat-\u00e0-Porter de luxe. En [&hellip;]<\/p>\n","protected":false},"author":1,"featured_media":0,"parent":0,"menu_order":100,"comment_status":"closed","ping_status":"closed","template":"","meta":{"_acf_changed":false,"inline_featured_image":false,"footnotes":""},"class_list":["post-1402","page","type-page","status-publish","hentry"],"acf":[],"yoast_head":"<!-- This site is optimized with the Yoast SEO plugin v27.4 - https:\/\/yoast.com\/product\/yoast-seo-wordpress\/ -->\n<title>Test - Desrues-Paris<\/title>\n<meta name=\"robots\" content=\"index, follow, max-snippet:-1, max-image-preview:large, max-video-preview:-1\" \/>\n<link rel=\"canonical\" href=\"https:\/\/desrues-paris.com\/en\/test\/\" \/>\n<meta property=\"og:locale\" content=\"en_US\" \/>\n<meta property=\"og:type\" content=\"article\" \/>\n<meta property=\"og:title\" content=\"Test - Desrues-Paris\" \/>\n<meta property=\"og:description\" content=\"Un savoir-faire vou\u00e9 \u00e0 l&#8217;exception La Maison Desrues a su conserver un savoir-faire vou\u00e9 au cr\u00e9neau de l&#8217;exception, souvenir de sa collaboration privil\u00e9gi\u00e9e avec les grands couturiers fran\u00e7ais de l&#8217;\u00e9poque (Chanel, Lanvin, Vionnet, Dior, Saint-Laurent), et parall\u00e8lement s&#8217;ouvrir aux techniques modernes pour faire face aux exigences de la Haute-Couture et du Pr\u00eat-\u00e0-Porter de luxe. En [&hellip;]\" \/>\n<meta property=\"og:url\" content=\"https:\/\/desrues-paris.com\/en\/test\/\" \/>\n<meta property=\"og:site_name\" content=\"Desrues-Paris\" \/>\n<meta property=\"article:modified_time\" content=\"2024-09-06T09:14:13+00:00\" \/>\n<meta property=\"og:image\" content=\"https:\/\/desrues-paris.com\/wp-content\/uploads\/2021\/12\/03_Desrues_LD-1024x668-1-1.jpg\" \/>\n<meta name=\"twitter:card\" content=\"summary_large_image\" \/>\n<meta name=\"twitter:label1\" content=\"Est. reading time\" \/>\n\t<meta name=\"twitter:data1\" content=\"2 minutes\" \/>\n<script type=\"application\/ld+json\" class=\"yoast-schema-graph\">{\"@context\":\"https:\\\/\\\/schema.org\",\"@graph\":[{\"@type\":\"WebPage\",\"@id\":\"https:\\\/\\\/desrues-paris.com\\\/en\\\/test\\\/\",\"url\":\"https:\\\/\\\/desrues-paris.com\\\/en\\\/test\\\/\",\"name\":\"Test - Desrues-Paris\",\"isPartOf\":{\"@id\":\"https:\\\/\\\/desrues-paris.com\\\/en\\\/#website\"},\"primaryImageOfPage\":{\"@id\":\"https:\\\/\\\/desrues-paris.com\\\/en\\\/test\\\/#primaryimage\"},\"image\":{\"@id\":\"https:\\\/\\\/desrues-paris.com\\\/en\\\/test\\\/#primaryimage\"},\"thumbnailUrl\":\"https:\\\/\\\/desrues-paris.com\\\/wp-content\\\/uploads\\\/2021\\\/12\\\/03_Desrues_LD-1024x668-1-1.jpg\",\"datePublished\":\"2022-11-21T16:58:45+00:00\",\"dateModified\":\"2024-09-06T09:14:13+00:00\",\"breadcrumb\":{\"@id\":\"https:\\\/\\\/desrues-paris.com\\\/en\\\/test\\\/#breadcrumb\"},\"inLanguage\":\"en-US\",\"potentialAction\":[{\"@type\":\"ReadAction\",\"target\":[\"https:\\\/\\\/desrues-paris.com\\\/en\\\/test\\\/\"]}]},{\"@type\":\"ImageObject\",\"inLanguage\":\"en-US\",\"@id\":\"https:\\\/\\\/desrues-paris.com\\\/en\\\/test\\\/#primaryimage\",\"url\":\"https:\\\/\\\/desrues-paris.com\\\/wp-content\\\/uploads\\\/2021\\\/12\\\/03_Desrues_LD-1024x668-1-1.jpg\",\"contentUrl\":\"https:\\\/\\\/desrues-paris.com\\\/wp-content\\\/uploads\\\/2021\\\/12\\\/03_Desrues_LD-1024x668-1-1.jpg\"},{\"@type\":\"BreadcrumbList\",\"@id\":\"https:\\\/\\\/desrues-paris.com\\\/en\\\/test\\\/#breadcrumb\",\"itemListElement\":[{\"@type\":\"ListItem\",\"position\":1,\"name\":\"Home\",\"item\":\"https:\\\/\\\/desrues-paris.com\\\/en\\\/\"},{\"@type\":\"ListItem\",\"position\":2,\"name\":\"Test\"}]},{\"@type\":\"WebSite\",\"@id\":\"https:\\\/\\\/desrues-paris.com\\\/en\\\/#website\",\"url\":\"https:\\\/\\\/desrues-paris.com\\\/en\\\/\",\"name\":\"Desrues-Paris\",\"description\":\"Desrues Paris Site Officiel\",\"potentialAction\":[{\"@type\":\"SearchAction\",\"target\":{\"@type\":\"EntryPoint\",\"urlTemplate\":\"https:\\\/\\\/desrues-paris.com\\\/en\\\/?s={search_term_string}\"},\"query-input\":{\"@type\":\"PropertyValueSpecification\",\"valueRequired\":true,\"valueName\":\"search_term_string\"}}],\"inLanguage\":\"en-US\"}]}<\/script>\n<!-- \/ Yoast SEO plugin. -->","yoast_head_json":{"title":"Test - Desrues-Paris","robots":{"index":"index","follow":"follow","max-snippet":"max-snippet:-1","max-image-preview":"max-image-preview:large","max-video-preview":"max-video-preview:-1"},"canonical":"https:\/\/desrues-paris.com\/en\/test\/","og_locale":"en_US","og_type":"article","og_title":"Test - Desrues-Paris","og_description":"Un savoir-faire vou\u00e9 \u00e0 l&#8217;exception La Maison Desrues a su conserver un savoir-faire vou\u00e9 au cr\u00e9neau de l&#8217;exception, souvenir de sa collaboration privil\u00e9gi\u00e9e avec les grands couturiers fran\u00e7ais de l&#8217;\u00e9poque (Chanel, Lanvin, Vionnet, Dior, Saint-Laurent), et parall\u00e8lement s&#8217;ouvrir aux techniques modernes pour faire face aux exigences de la Haute-Couture et du Pr\u00eat-\u00e0-Porter de luxe. En [&hellip;]","og_url":"https:\/\/desrues-paris.com\/en\/test\/","og_site_name":"Desrues-Paris","article_modified_time":"2024-09-06T09:14:13+00:00","og_image":[{"url":"https:\/\/desrues-paris.com\/wp-content\/uploads\/2021\/12\/03_Desrues_LD-1024x668-1-1.jpg","type":"","width":"","height":""}],"twitter_card":"summary_large_image","twitter_misc":{"Est. reading time":"2 minutes"},"schema":{"@context":"https:\/\/schema.org","@graph":[{"@type":"WebPage","@id":"https:\/\/desrues-paris.com\/en\/test\/","url":"https:\/\/desrues-paris.com\/en\/test\/","name":"Test - Desrues-Paris","isPartOf":{"@id":"https:\/\/desrues-paris.com\/en\/#website"},"primaryImageOfPage":{"@id":"https:\/\/desrues-paris.com\/en\/test\/#primaryimage"},"image":{"@id":"https:\/\/desrues-paris.com\/en\/test\/#primaryimage"},"thumbnailUrl":"https:\/\/desrues-paris.com\/wp-content\/uploads\/2021\/12\/03_Desrues_LD-1024x668-1-1.jpg","datePublished":"2022-11-21T16:58:45+00:00","dateModified":"2024-09-06T09:14:13+00:00","breadcrumb":{"@id":"https:\/\/desrues-paris.com\/en\/test\/#breadcrumb"},"inLanguage":"en-US","potentialAction":[{"@type":"ReadAction","target":["https:\/\/desrues-paris.com\/en\/test\/"]}]},{"@type":"ImageObject","inLanguage":"en-US","@id":"https:\/\/desrues-paris.com\/en\/test\/#primaryimage","url":"https:\/\/desrues-paris.com\/wp-content\/uploads\/2021\/12\/03_Desrues_LD-1024x668-1-1.jpg","contentUrl":"https:\/\/desrues-paris.com\/wp-content\/uploads\/2021\/12\/03_Desrues_LD-1024x668-1-1.jpg"},{"@type":"BreadcrumbList","@id":"https:\/\/desrues-paris.com\/en\/test\/#breadcrumb","itemListElement":[{"@type":"ListItem","position":1,"name":"Home","item":"https:\/\/desrues-paris.com\/en\/"},{"@type":"ListItem","position":2,"name":"Test"}]},{"@type":"WebSite","@id":"https:\/\/desrues-paris.com\/en\/#website","url":"https:\/\/desrues-paris.com\/en\/","name":"Desrues-Paris","description":"Desrues Paris Site Officiel","potentialAction":[{"@type":"SearchAction","target":{"@type":"EntryPoint","urlTemplate":"https:\/\/desrues-paris.com\/en\/?s={search_term_string}"},"query-input":{"@type":"PropertyValueSpecification","valueRequired":true,"valueName":"search_term_string"}}],"inLanguage":"en-US"}]}},"_links":{"self":[{"href":"https:\/\/desrues-paris.com\/en\/wp-json\/wp\/v2\/pages\/1402","targetHints":{"allow":["GET"]}}],"collection":[{"href":"https:\/\/desrues-paris.com\/en\/wp-json\/wp\/v2\/pages"}],"about":[{"href":"https:\/\/desrues-paris.com\/en\/wp-json\/wp\/v2\/types\/page"}],"author":[{"embeddable":true,"href":"https:\/\/desrues-paris.com\/en\/wp-json\/wp\/v2\/users\/1"}],"replies":[{"embeddable":true,"href":"https:\/\/desrues-paris.com\/en\/wp-json\/wp\/v2\/comments?post=1402"}],"version-history":[{"count":4,"href":"https:\/\/desrues-paris.com\/en\/wp-json\/wp\/v2\/pages\/1402\/revisions"}],"predecessor-version":[{"id":2003,"href":"https:\/\/desrues-paris.com\/en\/wp-json\/wp\/v2\/pages\/1402\/revisions\/2003"}],"wp:attachment":[{"href":"https:\/\/desrues-paris.com\/en\/wp-json\/wp\/v2\/media?parent=1402"}],"curies":[{"name":"wp","href":"https:\/\/api.w.org\/{rel}","templated":true}]}}